{"id":2,"date":"2019-01-07T21:15:08","date_gmt":"2019-01-07T20:15:08","guid":{"rendered":"http:\/\/www.fmcc.no\/wordpress\/?page_id=2"},"modified":"2025-02-26T14:51:45","modified_gmt":"2025-02-26T13:51:45","slug":"testside","status":"publish","type":"page","link":"https:\/\/www.fmcc.no\/wordpress\/","title":{"rendered":"FMCC \/ N\u00d8YSOM G\u00c5RD"},"content":{"rendered":"\n<p class=\"has-text-color\" style=\"color:#625655\">Hva skjer : <\/p>\n\n\n\n<p class=\"has-text-color has-huge-font-size\" style=\"color:#625655\"><strong>15 mars 2025<\/strong><\/p>\n\n\n\n<p>St. Patrics Day<\/p>\n\n\n\n<figure class=\"wp-block-image size-full\"><img loading=\"lazy\" decoding=\"async\" width=\"500\" height=\"313\" src=\"https:\/\/www.fmcc.no\/wordpress\/wp-content\/uploads\/2025\/02\/480300046_9695111163834201_6226029992683817005_n.jpg\" alt=\"\" class=\"wp-image-33\" srcset=\"https:\/\/www.fmcc.no\/wordpress\/wp-content\/uploads\/2025\/02\/480300046_9695111163834201_6226029992683817005_n.jpg 500w, https:\/\/www.fmcc.no\/wordpress\/wp-content\/uploads\/2025\/02\/480300046_9695111163834201_6226029992683817005_n-300x188.jpg 300w\" sizes=\"auto, (max-width: 500px) 100vw, 500px\" \/><\/figure>\n\n\n\n<p>Vi feirer den Irske nasjonaldagen som vi har gjort siden 2003. I \u00e5r velger vi l\u00f8rdag 15.mars. P\u00e5 menyen st\u00e5r selvf\u00f8lglig Irish Stew, \u00f8l fra den gr\u00f8nne \u00f8ya, annet gr\u00f8nt \u00f8l og Irish Coffee. &laquo;Dirty Old Town&raquo; og annen god musikk. CC kr 150,- inkl s\u00e5 mye Irish stew du greier \u00e5 spise. P\u00e5melding via Facebook eller tlf 99 48 17 19<\/p>\n\n\n\n<p class=\"has-huge-font-size\"><strong>28. mai 2025:<\/strong><\/p>\n\n\n\n<figure class=\"wp-block-image size-large\"><img loading=\"lazy\" decoding=\"async\" width=\"724\" height=\"1024\" src=\"https:\/\/www.fmcc.no\/wordpress\/wp-content\/uploads\/2025\/02\/Teltdans-2025-1000-724x1024.jpg\" alt=\"\" class=\"wp-image-34\" srcset=\"https:\/\/www.fmcc.no\/wordpress\/wp-content\/uploads\/2025\/02\/Teltdans-2025-1000-724x1024.jpg 724w, https:\/\/www.fmcc.no\/wordpress\/wp-content\/uploads\/2025\/02\/Teltdans-2025-1000-212x300.jpg 212w, https:\/\/www.fmcc.no\/wordpress\/wp-content\/uploads\/2025\/02\/Teltdans-2025-1000-768x1086.jpg 768w, https:\/\/www.fmcc.no\/wordpress\/wp-content\/uploads\/2025\/02\/Teltdans-2025-1000.jpg 1000w\" sizes=\"auto, (max-width: 724px) 100vw, 724px\" \/><\/figure>\n\n\n\n<p><\/p>\n\n\n\n<p><\/p>\n\n\n\n<p><\/p>\n","protected":false},"excerpt":{"rendered":"<p>Hva skjer : 15 mars 2025 St. Patrics Day Vi feirer den Irske nasjonaldagen som vi har gjort siden 2003. I \u00e5r velger vi l\u00f8rdag 15.mars. P\u00e5 menyen st\u00e5r selvf\u00f8lglig Irish Stew, \u00f8l fra den gr\u00f8nne \u00f8ya, annet gr\u00f8nt \u00f8l og Irish Coffee. &laquo;Dirty Old Town&raquo; og annen god musikk. CC kr 150,- inkl s\u00e5 &hellip; <\/p>\n<p class=\"link-more\"><a href=\"https:\/\/www.fmcc.no\/wordpress\/\" class=\"more-link\">Fortsett \u00e5 lese<span class=\"screen-reader-text\"> \u00abFMCC \/ N\u00d8YSOM G\u00c5RD\u00bb<\/span><\/a><\/p>\n","protected":false},"author":1,"featured_media":0,"parent":0,"menu_order":0,"comment_status":"closed","ping_status":"open","template":"","meta":{"footnotes":""},"class_list":["post-2","page","type-page","status-publish","hentry","entry"],"_links":{"self":[{"href":"https:\/\/www.fmcc.no\/wordpress\/wp-json\/wp\/v2\/pages\/2","targetHints":{"allow":["GET"]}}],"collection":[{"href":"https:\/\/www.fmcc.no\/wordpress\/wp-json\/wp\/v2\/pages"}],"about":[{"href":"https:\/\/www.fmcc.no\/wordpress\/wp-json\/wp\/v2\/types\/page"}],"author":[{"embeddable":true,"href":"https:\/\/www.fmcc.no\/wordpress\/wp-json\/wp\/v2\/users\/1"}],"replies":[{"embeddable":true,"href":"https:\/\/www.fmcc.no\/wordpress\/wp-json\/wp\/v2\/comments?post=2"}],"version-history":[{"count":13,"href":"https:\/\/www.fmcc.no\/wordpress\/wp-json\/wp\/v2\/pages\/2\/revisions"}],"predecessor-version":[{"id":35,"href":"https:\/\/www.fmcc.no\/wordpress\/wp-json\/wp\/v2\/pages\/2\/revisions\/35"}],"wp:attachment":[{"href":"https:\/\/www.fmcc.no\/wordpress\/wp-json\/wp\/v2\/media?parent=2"}],"curies":[{"name":"wp","href":"https:\/\/api.w.org\/{rel}","templated":true}]}}